{"id":129,"date":"2018-07-13T14:40:26","date_gmt":"2018-07-13T13:40:26","guid":{"rendered":"https:\/\/vdn-sas.fr\/?page_id=129"},"modified":"2018-07-16T09:28:46","modified_gmt":"2018-07-16T08:28:46","slug":"declaration-de-confidentialite","status":"publish","type":"page","link":"https:\/\/vdn-sas.fr\/index.php\/declaration-de-confidentialite\/","title":{"rendered":"D\u00e9claration de confidentialit\u00e9"},"content":{"rendered":"<p style=\"text-align: center;\"><strong>D\u00e9claration de confidentialit\u00e9 du site web VDN<\/strong><\/p>\n<p>Bienvenue sur le site Web de VDN (le \u00ab Site \u00bb). VDN, dont les coordonn\u00e9es sont pr\u00e9sentes au sein des <a href=\"https:\/\/vdn-sas.fr\/mentions-legales\/\">mentions l\u00e9gales<\/a> du Site, et plus g\u00e9n\u00e9ralement le groupe EQIOM accordent une grande importance \u00e0 la protection des donn\u00e9es personnelles. Celle-ci a pour objectif de vous tenir inform\u00e9s des informations que nous recueillons \u00e0 votre sujet et de la fa\u00e7on dont nous les utilisons. La D\u00e9claration de confidentialit\u00e9 \u00e9tant susceptible d\u2019\u00eatre mise \u00e0 jour, nous vous recommandons de vous y reporter r\u00e9guli\u00e8rement. En utilisant notre Site, vous acceptez les conditions \u00e9nonc\u00e9es dans cette D\u00e9claration de confidentialit\u00e9 telle qu\u2019elles vous sont pr\u00e9cis\u00e9es et d\u00e9crites ci-apr\u00e8s. Si vous n\u2019acceptez pas ces conditions, veuillez ne pas utiliser le Site.<\/p>\n<p><strong>Collecte et utilisation de vos informations<\/strong><br \/>\nSelon la fa\u00e7on dont vous utilisez notre Site, nous pouvons recueillir et stocker diff\u00e9rents types d\u2019informations vous concernant. Nous recueillons des donn\u00e9es personnelles par l\u2019interm\u00e9diaire du pr\u00e9sent site (ou quand vous nous contactez directement par mail).<\/p>\n<p><strong>1\u00b0 Donn\u00e9es personnelles trait\u00e9es dans le cadre de la gestion de nos fichiers clients-prospects<\/strong><br \/>\nLes donn\u00e9es collect\u00e9es sont votre nom, votre adresse \u00e9lectronique, votre num\u00e9ro de t\u00e9l\u00e9phone, votre fonction et le message que vous nous envoyez lorsque vous nous les communiquez afin d\u2019obtenir des informations relatives \u00e0 certains de nos produits et services. La collecte et l\u2019utilisation de vos donn\u00e9es personnelles s\u2019inscrivent dans le cadre de la gestion de nos fichiers clients-prospects. Cela inclut notamment les finalit\u00e9s suivantes :<br \/>\n&#8211; Les op\u00e9rations li\u00e9es \u00e0 la gestion des clients ;<br \/>\n&#8211; Les op\u00e9rations relatives \u00e0 la prospection ;<br \/>\n&#8211; L\u2019\u00e9laboration de statistiques commerciales ;<\/p>\n<p>Lorsque vous nous contactez directement, le traitement de vos donn\u00e9es personnelles est fond\u00e9 sur les int\u00e9r\u00eats l\u00e9gitimes que nous avons \u00e0 r\u00e9pondre aux personnes nous contactant.<br \/>\nSi vous \u00eates un <strong>particulier<\/strong>, l\u2019utilisation, la cession et l\u2019\u00e9change \u00e9ventuel de vos donn\u00e9es personnelles \u00e0 des fins de prospection commerciale, sont fond\u00e9s sur votre consentement libre, \u00e9clair\u00e9 et explicite. Le consentement peut \u00eatre retir\u00e9 sans frais en vous adressant \u00e0 EQIOM-VDN, Service Marketing, 49 avenue Georges Pompidou, 92593 Levallois-Perret Cedex ou \u00e0 l\u2019adresse mail marketing@eqiom.com.<\/p>\n<p>Si vous \u00eates un <strong>professionnel<\/strong>, l\u2019utilisation, la cession et l\u2019\u00e9change \u00e9ventuel de de vos donn\u00e9es personnelles \u00e0 des fins de prospection commerciale, sont fond\u00e9s sur l\u2019int\u00e9r\u00eat l\u00e9gitime que nous avons \u00e0 mettre en \u0153uvre une prospection commerciale entre acteurs professionnels.<br \/>\nLes donn\u00e9es personnelles collect\u00e9es sont uniquement transmises aux personnes habilit\u00e9es de VDN et du groupe EQIOM. Ces personnes sont celles qui, de par leur fonction ou mission, sont l\u00e9gitimes \u00e0 se voir communiquer vos donn\u00e9es afin de g\u00e9rer votre relation avec VDN.<\/p>\n<p><strong>\u2022 Dur\u00e9e de conservation des donn\u00e9es<\/strong><br \/>\nVos donn\u00e9es personnelles sont conserv\u00e9es le temps de vos relations avec VDN. Conform\u00e9ment \u00e0 la r\u00e8glementation en vigueur, vos donn\u00e9es seront conserv\u00e9es pendant une dur\u00e9e maximale de 3 ans \u00e0 compter du dernier contact entre vous et VDN. Une fois cette dur\u00e9e pass\u00e9e, vos donn\u00e9es seront supprim\u00e9es ou archiv\u00e9es conform\u00e9ment aux r\u00e8gles l\u00e9gales applicables.<br \/>\n2\u00b0 Donn\u00e9es personnelles de connexion<br \/>\nNous recueillons \u00e9galement des informations sur le navigateur de votre ordinateur, y compris l\u2019adresse IP de l\u2019ordinateur et la situation g\u00e9ographique d\u2019une personne, le type de navigateur, le syst\u00e8me d\u2019exploitation et les pages Web que vous consultez. Si vous acc\u00e9dez \u00e0 notre Site depuis un t\u00e9l\u00e9phone mobile ou autre appareil, nous pouvons collecter un identificateur unique contenu dans cet appareil. Cette information nous permet d\u2019afficher ou de mettre en forme un contenu et des services pertinents pour cet appareil.<\/p>\n<p><strong>\u2022 Dur\u00e9e de conservation des donn\u00e9es<\/strong><br \/>\nCes donn\u00e9es seront conserv\u00e9es pendant une dur\u00e9e maximale de 6 mois.<\/p>\n<p><strong>Visiteurs du Site<\/strong><br \/>\nDans le cadre de votre navigation sur notre Site, nous pouvons recueillir des informations anonymes sur votre emplacement et sur la fa\u00e7on dont vous consultez et utilisez notre Site. Nous utiliserons cette information pour am\u00e9liorer le fonctionnement et la convivialit\u00e9 du Site et pour effectuer le suivi du trafic sur le Site.<\/p>\n<p><strong>Partage d\u2019informations<\/strong><br \/>\nNous sommes susceptibles de partager vos informations avec la soci\u00e9t\u00e9 EQIOM (soci\u00e9t\u00e9-m\u00e8re de VDN) ainsi que les prestataires agissant comme des sous-traitants au sens de la R\u00e8glementation sur la protection des donn\u00e9es, dans le cadre de leur mission concernant exclusivement l&rsquo;ex\u00e9cution des prestations encadr\u00e9es par VDN et le groupe EQIOM (notamment, les prestataires IT, fournisseurs de solution Cloud, Agence de marketing digital) afin de pouvoir vous fournir les informations et services que vous nous demandez, d\u2019am\u00e9liorer nos services, ainsi que leur permettre de vous contacter \u00e0 des fins de prospection commerciale.<br \/>\nSi vous \u00eates un particulier, cette transmission de donn\u00e9es est soumise \u00e0 votre consentement libre, \u00e9clair\u00e9 et explicite.<br \/>\nSi vous \u00eates un professionnel, vous pouvez vous opposer \u00e0 ce partage.<br \/>\nNous ne partagerons pas vos informations avec des tiers sans votre consentement, sauf dans le cadre d\u2019un int\u00e9r\u00eat l\u00e9gitime ou afin d\u2019assurer le respect d\u2019une obligation l\u00e9gale.<br \/>\n<strong><br \/>\nS\u00e9curit\u00e9<\/strong><br \/>\nNous nous engageons \u00e0 assurer la s\u00e9curit\u00e9 de vos donn\u00e9es personnelles. Nous prenons des mesures de s\u00e9curit\u00e9 techniques et organisationnelles pour emp\u00eacher la perte, la modification ou l\u2019acc\u00e8s non autoris\u00e9 \u00e0 vos donn\u00e9es personnelles.<\/p>\n<p><strong>Demandes relatives \u00e0 vos donn\u00e9es personnelles et exercice de vos droits<\/strong><br \/>\nVous avez les droits suivants en vertu de la R\u00e9glementation sur la protection des donn\u00e9es :<br \/>\n<strong>\u2022 Droit d\u2019acc\u00e8s <\/strong>: vous pouvez demander une copie de vos donn\u00e9es \u00e0 caract\u00e8re personnel trait\u00e9es par la Soci\u00e9t\u00e9 que la Soci\u00e9t\u00e9 traite ;<br \/>\n<strong>\u2022 Droit de rectification<\/strong> : si vous pensez que vos donn\u00e9es \u00e0 caract\u00e8re personnel sont inexactes ou incompl\u00e8tes, vous avez le droit de demander de leur correction, mise \u00e0 jour ou modification ;<br \/>\n<strong>\u2022 Droit \u00e0 l\u2019effacement<\/strong> : vous pouvez, dans certaines conditions, demander l\u2019effacement des donn\u00e9es vous concernant, par exemple lorsque vous pensez que vos donn\u00e9es \u00e0 caract\u00e8re personnel ne sont plus n\u00e9cessaires ;<br \/>\n<strong>\u2022 Droit d\u2019opposition<\/strong> : vous pouvez vous opposer au traitement de vos donn\u00e9es \u00e0 caract\u00e8re personnel pour des raisons tenant \u00e0 votre situation particuli\u00e8re ;<br \/>\n<strong>\u2022 Droit \u00e0 la limitation du traitement<\/strong> : vous pouvez demander la limitation du traitement de vos donn\u00e9es \u00e0 caract\u00e8re personnel (i) si vous contestez l\u2019exactitude de vos donn\u00e9es \u00e0 caract\u00e8re personnel, (ii) si le traitement est illicite mais que vous vous opposez \u00e0 son effacement, (iii) si vous pensez que la Soci\u00e9t\u00e9 n\u2019a plus besoin de vos donn\u00e9es \u00e0 caract\u00e8re personnel mais qu\u2019elles vous sont encore n\u00e9cessaires pour la constatation, l\u2019exercice ou la d\u00e9fense de droits en justice ou (iv) si vous vous \u00eates oppos\u00e9 \u00e0 leur traitement, pendant la p\u00e9riode de traitement de votre demande d\u2019opposition ;<br \/>\n<strong>\u2022 Droit \u00e0 la portabilit\u00e9 des donn\u00e9es<\/strong> : vous pouvez demander l\u2019envoi de vos donn\u00e9es \u00e0 caract\u00e8re personnel, dans un format structur\u00e9, couramment utilis\u00e9 et lisible par machine afin notamment de pouvoir les transmettre \u00e0 un autre responsable du traitement lorsque (i) le traitement est fond\u00e9 sur votre consentement ou est n\u00e9cessaire \u00e0 l\u2019ex\u00e9cution du contrat et (ii) le traitement est effectu\u00e9 \u00e0 l\u2019aide de proc\u00e9d\u00e9s automatis\u00e9s ;<br \/>\n<strong>\u2022 Droit de retirer votre consentement \u00e0 tout moment<\/strong> : lorsque le traitement est fond\u00e9 sur votre consentement, vous pouvez retirer votre consentement \u00e0 tout moment sans que cela ne porte atteinte \u00e0 la lic\u00e9it\u00e9 du traitement avant le retrait du consentement ; et<br \/>\n<strong>\u2022 Droit de donner des directives post-mortem<\/strong> : vous avez le droit de d\u00e9finir des directives relatives \u00e0 la conservation, \u00e0 l&rsquo;effacement et \u00e0 la communication de vos donn\u00e9es \u00e0 caract\u00e8re personnel apr\u00e8s votre d\u00e9c\u00e8s.<br \/>\nSi vous souhaitez exercer l\u2019un des droits expos\u00e9s ci-dessus ou, si vous avez une question relative \u00e0 l\u2019utilisation de vos donn\u00e9es personnelles, veuillez nous contacter par mail en utilisant l\u2019adresse suivante : contact-dp@eqiom.com<br \/>\nNous vous informons \u00e9galement qu\u2019en cas de n\u00e9cessit\u00e9, vous pouvez introduire une r\u00e9clamation aupr\u00e8s de la Commission Nationale de l\u2019Informatique et des Libert\u00e9s.<\/p>\n<p><strong>Information sur les cookies<\/strong><br \/>\n<strong>\u2022 Qu&rsquo;est-ce qu&rsquo;un cookie ?<br \/>\n<\/strong>Un cookie est un petit fichier texte d\u00e9pos\u00e9 sur votre ordinateur lors de la visite d&rsquo;un site. Ils ont pour but de collecter des informations relatives \u00e0 votre navigation sur les sites et de vous adresser des services personnalis\u00e9s. Dans votre ordinateur les cookies sont g\u00e9r\u00e9s par votre navigateur internet (Internet explorer, Firefox, Safari, Chrome &#8230;).<br \/>\nVous pouvez utiliser les param\u00e8tres de votre navigateur pour g\u00e9rer vos pr\u00e9f\u00e9rences de cookies, mais veuillez noter que certaines fonctionnalit\u00e9s du Site peuvent alors ne pas \u00eatre disponibles ou ne pas fonctionner aussi efficacement.<br \/>\nVDN n\u2019identifie pas personnellement les visiteurs et n\u2019utilise pas de cookies pour vous contacter. VDN s\u2019engage \u00e0 respecter votre vie priv\u00e9e en tout temps.<strong><br \/>\n<\/strong><br \/>\n<strong>\u2022 Quels sont les cookies utilis\u00e9s sur le site ?<\/strong><\/p>\n<p>Le site utilise les cookies suivants :<br \/>\n&#8211; Google Tag Manager<br \/>\n&#8211; GA Audiences<\/p>\n<p>Ces donn\u00e9es sont conserv\u00e9es pour une dur\u00e9e maximale de 13 mois.<\/p>\n<p>Le site utilise l&rsquo;outil Google Analytics pour collecter des statistiques anonymes sur l&rsquo;utilisation du site par les internautes (par exemple : les pages les plus consult\u00e9es, le nombre de visiteurs, les navigateurs utilis\u00e9s, &#8230;) En naviguant sur notre site, un cookie Google Analytics est d\u00e9pos\u00e9 sur votre ordinateur.<\/p>\n<p><strong>\u2022 Accepter ou refuser les cookies<\/strong><br \/>\nVous pouvez d\u00e9sactiver les cookies en suivant les instructions comme suit :<br \/>\nPour Mozilla Firefox : <a href=\"https:\/\/support.mozilla.org\/fr\/kb\/activer-desactiver-cookies-preferences?redirectlocale=fr&amp;redirectslug=activer-desactiver-cookies\" target=\"_blank\">https:\/\/support.mozilla.org\/fr\/kb\/activer-desactiver-cookies-preferences?redirectlocale=fr&amp;redirectslug=activer-desactiver-cookies<\/a><br \/>\nPour Microsoft Internet Explorer : <a href=\"https:\/\/support.microsoft.com\/fr-fr\/help\/17442\/windows-internet-explorer-delete-manage-cookies\" target=\"_blank\">https:\/\/support.microsoft.com\/fr-fr\/help\/17442\/windows-internet-explorer-delete-manage-cookies<\/a><br \/>\nPour Chrome : <a href=\"https:\/\/support.google.com\/chrome\/answer\/95647?hl=fr&amp;hlrm=en\" target=\"_blank\">https:\/\/support.google.com\/chrome\/answer\/95647?hl=fr&amp;hlrm=en<\/a><br \/>\nPour Safari : <a href=\"https:\/\/support.apple.com\/fr-ch\/guide\/safari\/sfri11471\/mac\" target=\"_blank\">https:\/\/support.apple.com\/fr-ch\/guide\/safari\/sfri11471\/mac<\/a><br \/>\nPour Edge : <a href=\"https:\/\/privacy.microsoft.com\/fr-FR\/windows-10-microsoft-edge-and-privacy\" target=\"_blank\">https:\/\/privacy.microsoft.com\/fr-FR\/windows-10-microsoft-edge-and-privacy<\/a><br \/>\n<em>Si vous avez des questions ou des pr\u00e9occupations quant \u00e0 la fa\u00e7on dont nous utilisons vos donn\u00e9es personnelles, n\u2019h\u00e9sitez pas \u00e0 nous contacter comme indiqu\u00e9 ci-dessus.<\/em><\/p>\n","protected":false},"excerpt":{"rendered":"<p>D\u00e9claration de confidentialit\u00e9 du site web VDN Bienvenue sur le site Web de VDN (le \u00ab Site \u00bb). VDN, dont les coordonn\u00e9es sont pr\u00e9sentes au sein des mentions l\u00e9gales du Site, et plus g\u00e9n\u00e9ralement le groupe EQIOM accordent une grande importance \u00e0 la protection des donn\u00e9es personnelles. Celle-ci a pour objectif de vous tenir inform\u00e9s [&hellip;]<\/p>\n","protected":false},"author":1,"featured_media":0,"parent":0,"menu_order":0,"comment_status":"closed","ping_status":"closed","template":"","meta":{"footnotes":""},"class_list":["post-129","page","type-page","status-publish","hentry"],"_links":{"self":[{"href":"https:\/\/vdn-sas.fr\/index.php\/wp-json\/wp\/v2\/pages\/129","targetHints":{"allow":["GET"]}}],"collection":[{"href":"https:\/\/vdn-sas.fr\/index.php\/wp-json\/wp\/v2\/pages"}],"about":[{"href":"https:\/\/vdn-sas.fr\/index.php\/wp-json\/wp\/v2\/types\/page"}],"author":[{"embeddable":true,"href":"https:\/\/vdn-sas.fr\/index.php\/wp-json\/wp\/v2\/users\/1"}],"replies":[{"embeddable":true,"href":"https:\/\/vdn-sas.fr\/index.php\/wp-json\/wp\/v2\/comments?post=129"}],"version-history":[{"count":5,"href":"https:\/\/vdn-sas.fr\/index.php\/wp-json\/wp\/v2\/pages\/129\/revisions"}],"predecessor-version":[{"id":141,"href":"https:\/\/vdn-sas.fr\/index.php\/wp-json\/wp\/v2\/pages\/129\/revisions\/141"}],"wp:attachment":[{"href":"https:\/\/vdn-sas.fr\/index.php\/wp-json\/wp\/v2\/media?parent=129"}],"curies":[{"name":"wp","href":"https:\/\/api.w.org\/{rel}","templated":true}]}}