{"id":127,"date":"2018-07-13T14:16:18","date_gmt":"2018-07-13T13:16:18","guid":{"rendered":"https:\/\/vdn-sas.fr\/?page_id=127"},"modified":"2018-07-13T15:22:11","modified_gmt":"2018-07-13T14:22:11","slug":"mentions-legales","status":"publish","type":"page","link":"https:\/\/vdn-sas.fr\/index.php\/mentions-legales\/","title":{"rendered":"Mentions l\u00e9gales"},"content":{"rendered":"<p style=\"text-align: center;\"><strong>Mentions l\u00e9gales\u00a0du site web VDN<\/strong><\/p>\n<p><strong>Pr\u00e9sentation du propri\u00e9taire<\/strong><br \/>\nLe pr\u00e9sent \u00ab Site \u00bb est la propri\u00e9t\u00e9 de la soci\u00e9t\u00e9 VDN, Soci\u00e9t\u00e9 par Actions Simplifi\u00e9e au capital de 3 920 800 \u20ac, dont le si\u00e8ge social est situ\u00e9 \u00e0 Levallois (F-92593) au 49 avenue Georges Pompidou, immatricul\u00e9e au RCS de Nanterre sous le num\u00e9ro 434 385 456 et repr\u00e9sent\u00e9e par M. Jean-Pascal Soufflet.<br \/>\n<strong>Directeur de la publication :<\/strong> M. Jean-Pascal Soufflet<br \/>\n<strong>Contact presse :<\/strong> Elisabeth Latapie<br \/>\n<strong>T\u00e9l\u00e9phone :<\/strong> +33 1 41 06 11 07<br \/>\n<strong>H\u00e9bergement :<\/strong> OVH, SAS au capital de 10\u00a0069\u00a0020\u20ac<br \/>\n2 rue Kellermann, 59100 Roubaix.<\/p>\n<p><strong>Conditions G\u00e9n\u00e9rales d&rsquo;Utilisation du \u00ab Site \u00bb<\/strong><br \/>\nEn utilisant le pr\u00e9sent \u00ab Site \u00bb, l&rsquo;utilisateur accepte express\u00e9ment les mentions l\u00e9gales.<br \/>\nPour en savoir plus sur les donn\u00e9es personnelles collect\u00e9es et l\u2019exercice de vos droits, veuillez consulter notre <a href=\"https:\/\/vdn-sas.fr\/declaration-de-confidentialite\/\">d\u00e9claration de confidentialit\u00e9<\/a>.<\/p>\n<p><strong>Propri\u00e9t\u00e9 intellectuelle<\/strong><br \/>\nEQIOM avise les utilisateurs que les \u00e9l\u00e9ments de ce site sont prot\u00e9g\u00e9s par la l\u00e9gislation sur le droit d&rsquo;auteur (notamment photographies, articles, s\u00e9quences anim\u00e9es, etc.) ou par la l\u00e9gislation sur les marques. Les \u00e9l\u00e9ments ainsi prot\u00e9g\u00e9s sont la propri\u00e9t\u00e9 de VDN ou de tiers ayant autoris\u00e9 VDN \u00e0 les exploiter.<br \/>\nA ce titre, toute reproduction, repr\u00e9sentation, utilisation, adaptation, modification, incorporation, traduction, commercialisation, partielles ou int\u00e9grales de ces \u00e9l\u00e9ments, sans l&rsquo;autorisation \u00e9crite pr\u00e9alable VDN est interdite, sous peine de constituer un d\u00e9lit de contrefa\u00e7on de droit d&rsquo;auteur au sens des articles L. 335-3 et suivants du Code de la Propri\u00e9t\u00e9 Intellectuelle et\/ou de marque au sens des articles L. 713-2 du Code de la Propri\u00e9t\u00e9 Intellectuelle, puni de trois ans d&#8217;emprisonnement et de 300 000 euros d&rsquo;amende.<\/p>\n<p><strong>Liens hypertextes<\/strong><br \/>\nLa mise en place d&rsquo;un lien hypertexte vers le \u00ab Site \u00bb n\u00e9cessite une autorisation pr\u00e9alable et \u00e9crite de VDN \u00e0 l\u2019adresse suivante : VDN \u2013 Direction de la Transformation Digitale \u2013 49 avenue Georges Pompidou \u2013 92593 Levallois-Perret Cedex.<br \/>\nCette demande \u00e9crite devra contenir l\u2019adresse de la page sur laquelle figurera le lien hypertexte. Les dispositions contractuelles suite \u00e0 la mise en place du lien hypertexte seront d\u00e9finis au pr\u00e9alable par les parties.<br \/>\nTout lien non autoris\u00e9 devra \u00eatre retir\u00e9 sur simple demande de VDN, sans pr\u00e9judice de tous dommages-int\u00e9r\u00eats susceptibles d\u2019\u00eatre r\u00e9clam\u00e9s. VDN ne sera en aucun cas tenue responsable du contenu ainsi que des produits ou services pour lesquels elle serait identifi\u00e9e par des liens hypertextes. Il en sera de m\u00eame pour les liens hypertextes externes \u00e9mis par le site dans la mesure o\u00f9 elle ne peut en garantir la fiabilit\u00e9.<br \/>\nLe pr\u00e9sent \u00ab Site \u00bb peut contenir des liens hypertextes redirigeant aussi bien vers des sites internes au Groupe EQIOM ou des sites externes.<br \/>\n<strong><br \/>\nMise \u00e0 jour<\/strong><br \/>\nVDN se r\u00e9serve le droit de modifier et de mettre \u00e0 jour, sans pr\u00e9avis, les pr\u00e9sentes mentions l\u00e9gales et tous les \u00e9l\u00e9ments pr\u00e9sent\u00e9s sur le Site. L&rsquo;ensemble de ces modifications s&rsquo;impose aux utilisateurs qui doivent consulter les pr\u00e9sentes mentions l\u00e9gales lors de chaque connexion.<br \/>\n<strong><br \/>\nAutonomie des stipulations<\/strong><br \/>\nLorsque qu\u2019une disposition s\u2019av\u00e8re inefficace cela n\u2019affecte en aucun cas la validit\u00e9 des autres dispositions qui conservent leurs effets.<br \/>\n<strong><br \/>\nDroit applicable<\/strong><br \/>\nLe \u00ab Site \u00bb ainsi que les pr\u00e9sentes mentions l\u00e9gales sont soumises au droit fran\u00e7ais. Toute contestation relative \u00e0 la validit\u00e9, l&rsquo;interpr\u00e9tation ou l&rsquo;ex\u00e9cution de ces dispositions rel\u00e8ve de la comp\u00e9tence des tribunaux fran\u00e7ais.<br \/>\n<strong><br \/>\nD\u00e9finition des termes<\/strong><br \/>\n\u00ab Site \u00bb : d\u00e9signe le site <a href=\"https:\/\/vdn-sas.fr\/\">https:\/\/vdn-sas.fr\/<\/a><\/p>\n","protected":false},"excerpt":{"rendered":"<p>Mentions l\u00e9gales\u00a0du site web VDN Pr\u00e9sentation du propri\u00e9taire Le pr\u00e9sent \u00ab Site \u00bb est la propri\u00e9t\u00e9 de la soci\u00e9t\u00e9 VDN, Soci\u00e9t\u00e9 par Actions Simplifi\u00e9e au capital de 3 920 800 \u20ac, dont le si\u00e8ge social est situ\u00e9 \u00e0 Levallois (F-92593) au 49 avenue Georges Pompidou, immatricul\u00e9e au RCS de Nanterre sous le num\u00e9ro 434 385 [&hellip;]<\/p>\n","protected":false},"author":1,"featured_media":0,"parent":0,"menu_order":0,"comment_status":"closed","ping_status":"closed","template":"","meta":{"footnotes":""},"class_list":["post-127","page","type-page","status-publish","hentry"],"_links":{"self":[{"href":"https:\/\/vdn-sas.fr\/index.php\/wp-json\/wp\/v2\/pages\/127","targetHints":{"allow":["GET"]}}],"collection":[{"href":"https:\/\/vdn-sas.fr\/index.php\/wp-json\/wp\/v2\/pages"}],"about":[{"href":"https:\/\/vdn-sas.fr\/index.php\/wp-json\/wp\/v2\/types\/page"}],"author":[{"embeddable":true,"href":"https:\/\/vdn-sas.fr\/index.php\/wp-json\/wp\/v2\/users\/1"}],"replies":[{"embeddable":true,"href":"https:\/\/vdn-sas.fr\/index.php\/wp-json\/wp\/v2\/comments?post=127"}],"version-history":[{"count":4,"href":"https:\/\/vdn-sas.fr\/index.php\/wp-json\/wp\/v2\/pages\/127\/revisions"}],"predecessor-version":[{"id":138,"href":"https:\/\/vdn-sas.fr\/index.php\/wp-json\/wp\/v2\/pages\/127\/revisions\/138"}],"wp:attachment":[{"href":"https:\/\/vdn-sas.fr\/index.php\/wp-json\/wp\/v2\/media?parent=127"}],"curies":[{"name":"wp","href":"https:\/\/api.w.org\/{rel}","templated":true}]}}